{"id":3216,"date":"2015-08-25T09:35:00","date_gmt":"2015-08-25T08:35:00","guid":{"rendered":"http:\/\/hartung.paris\/?page_id=3216"},"modified":"2015-08-25T11:29:28","modified_gmt":"2015-08-25T10:29:28","slug":"mentions-legales","status":"publish","type":"page","link":"https:\/\/hartung.paris\/fr\/mentions-legales\/","title":{"rendered":"Mentions l\u00e9gales"},"content":{"rendered":"<p>[ut_blockquote_left]Mentions L\u00e9gales[\/ut_blockquote_left]L&#8217;ensemble de ce site rel\u00e8ve des l\u00e9gislations fran\u00e7aises et internationales sur le droit d&#8217;auteur et la propri\u00e9t\u00e9 intellectuelle. Tous les droits de reproduction sont r\u00e9serv\u00e9s, y compris pour les documents iconographiques et photographiques.<br \/>\nCe site a \u00e9t\u00e9 cr\u00e9\u00e9 par Hartung Paris \u2022 79, rue du Temple \u2022 75003 Paris \u2022 France \u2022 T\u00e9l\u00e9phone +33 (0)1 42 46 27 \u2022 Capital: 10000\u20ac \u2022 RCS: 810 698 951 \u2022 TVA: FR 54 810698951 \u2022 Directeur de la publication: Daniel Hartung<br \/>\nCe site est h\u00e9berg\u00e9 par OVH \u2022 2 rue Kellerman \u2022 59100 Roubaix \u2022 France \u2022 T\u00e9l\u00e9phone +33 9 72 10 10 07 \u2022 www.ovh.com<\/p>\n<hr \/>\n<p>&nbsp;<\/p>\n<p>[ut_blockquote_left]Legal Notice[\/ut_blockquote_left]The material on this site may not be reproduced, distributed, transmitted, cached or otherwise used, except with the prior written permission of Hartung Paris.<br \/>\nThis website was created by Hartung Paris \u2022 79, rue du Temple \u2022 75003 Paris \u2022 France \u2022 Telephone +33 (0)1 42 46 27 \u2022 Capital: 10000\u20ac \u2022 RCS: 810 698 951 \u2022 TVA: FR 54 810698951<br \/>\nThis website is hosted by OVH \u2022 2 rue Kellerman \u2022 59100 Roubaix \u2022 France \u2022 Telephone +33 9 72 10 10 07 \u2022 www.ovh.com<\/p>\n<hr \/>\n<p>&nbsp;<\/p>\n","protected":false},"excerpt":{"rendered":"<p>[ut_blockquote_left]Mentions L\u00e9gales[\/ut_blockquote_left]L&#8217;ensemble de ce site rel\u00e8ve des l\u00e9gislations fran\u00e7aises et internationales sur le droit d&#8217;auteur et la propri\u00e9t\u00e9 intellectuelle. Tous les droits de reproduction sont r\u00e9serv\u00e9s, y compris pour les documents iconographiques et photographiques. Ce site a \u00e9t\u00e9 cr\u00e9\u00e9 par Hartung Paris \u2022 79, rue&#8230;<\/p>\n","protected":false},"author":1,"featured_media":0,"parent":0,"menu_order":0,"comment_status":"closed","ping_status":"open","template":"","meta":{"_vp_format_video_url":"","_vp_image_focal_point":[],"_vp_custom_popup_image":0,"_vp_format_audio_url":"","_vp_custom_thumbnail":0,"_vp_custom_thumbnail_focal_point":[],"_vp_hover_thumbnail":0,"_vp_hover_thumbnail_focal_point":[],"footnotes":""},"class_list":["post-3216","page","type-page","status-publish","hentry"],"yoast_head":"<!-- This site is optimized with the Yoast SEO plugin v26.8 - https:\/\/yoast.com\/product\/yoast-seo-wordpress\/ -->\n<title>Mentions l\u00e9gales &#183; Hartung Paris<\/title>\n<meta name=\"robots\" content=\"index, follow, max-snippet:-1, max-image-preview:large, max-video-preview:-1\" \/>\n<link rel=\"canonical\" href=\"https:\/\/hartung.paris\/fr\/mentions-legales\/\" \/>\n<meta property=\"og:locale\" content=\"fr_FR\" \/>\n<meta property=\"og:type\" content=\"article\" \/>\n<meta property=\"og:title\" content=\"Mentions l\u00e9gales &#183; Hartung Paris\" \/>\n<meta property=\"og:description\" content=\"[ut_blockquote_left]Mentions L\u00e9gales[\/ut_blockquote_left]L&#8217;ensemble de ce site rel\u00e8ve des l\u00e9gislations fran\u00e7aises et internationales sur le droit d&#8217;auteur et la propri\u00e9t\u00e9 intellectuelle. Tous les droits de reproduction sont r\u00e9serv\u00e9s, y compris pour les documents iconographiques et photographiques. Ce site a \u00e9t\u00e9 cr\u00e9\u00e9 par Hartung Paris \u2022 79, rue...\" \/>\n<meta property=\"og:url\" content=\"https:\/\/hartung.paris\/fr\/mentions-legales\/\" \/>\n<meta property=\"og:site_name\" content=\"Hartung Paris\" \/>\n<meta property=\"article:publisher\" content=\"https:\/\/www.facebook.com\/hartung.paris\/\" \/>\n<meta property=\"article:modified_time\" content=\"2015-08-25T10:29:28+00:00\" \/>\n<meta name=\"twitter:card\" content=\"summary_large_image\" \/>\n<meta name=\"twitter:label1\" content=\"Dur\u00e9e de lecture estim\u00e9e\" \/>\n\t<meta name=\"twitter:data1\" content=\"1 minute\" \/>\n<script type=\"application\/ld+json\" class=\"yoast-schema-graph\">{\"@context\":\"https:\/\/schema.org\",\"@graph\":[{\"@type\":\"WebPage\",\"@id\":\"https:\/\/hartung.paris\/mentions-legales\/\",\"url\":\"https:\/\/hartung.paris\/mentions-legales\/\",\"name\":\"Mentions l\u00e9gales &#183; Hartung Paris\",\"isPartOf\":{\"@id\":\"https:\/\/hartung.paris\/#website\"},\"datePublished\":\"2015-08-25T08:35:00+00:00\",\"dateModified\":\"2015-08-25T10:29:28+00:00\",\"breadcrumb\":{\"@id\":\"https:\/\/hartung.paris\/mentions-legales\/#breadcrumb\"},\"inLanguage\":\"fr-FR\",\"potentialAction\":[{\"@type\":\"ReadAction\",\"target\":[\"https:\/\/hartung.paris\/mentions-legales\/\"]}]},{\"@type\":\"BreadcrumbList\",\"@id\":\"https:\/\/hartung.paris\/mentions-legales\/#breadcrumb\",\"itemListElement\":[{\"@type\":\"ListItem\",\"position\":1,\"name\":\"Accueil\",\"item\":\"https:\/\/hartung.paris\/\"},{\"@type\":\"ListItem\",\"position\":2,\"name\":\"Mentions l\u00e9gales\"}]},{\"@type\":\"WebSite\",\"@id\":\"https:\/\/hartung.paris\/#website\",\"url\":\"https:\/\/hartung.paris\/\",\"name\":\"Hartung Paris\",\"description\":\"brand &amp; design intelligence\",\"publisher\":{\"@id\":\"https:\/\/hartung.paris\/#organization\"},\"potentialAction\":[{\"@type\":\"SearchAction\",\"target\":{\"@type\":\"EntryPoint\",\"urlTemplate\":\"https:\/\/hartung.paris\/?s={search_term_string}\"},\"query-input\":{\"@type\":\"PropertyValueSpecification\",\"valueRequired\":true,\"valueName\":\"search_term_string\"}}],\"inLanguage\":\"fr-FR\"},{\"@type\":\"Organization\",\"@id\":\"https:\/\/hartung.paris\/#organization\",\"name\":\"Hartung Paris\",\"url\":\"https:\/\/hartung.paris\/\",\"logo\":{\"@type\":\"ImageObject\",\"inLanguage\":\"fr-FR\",\"@id\":\"https:\/\/hartung.paris\/#\/schema\/logo\/image\/\",\"url\":\"https:\/\/hartung.paris\/wp-content\/uploads\/2015\/06\/HAR_logo_144px.jpg\",\"contentUrl\":\"https:\/\/hartung.paris\/wp-content\/uploads\/2015\/06\/HAR_logo_144px.jpg\",\"width\":144,\"height\":144,\"caption\":\"Hartung Paris\"},\"image\":{\"@id\":\"https:\/\/hartung.paris\/#\/schema\/logo\/image\/\"},\"sameAs\":[\"https:\/\/www.facebook.com\/hartung.paris\/\",\"https:\/\/www.instagram.com\/hartung.paris\/\",\"https:\/\/www.linkedin.com\/company\/hartung-paris\"]}]}<\/script>\n<!-- \/ Yoast SEO plugin. -->","yoast_head_json":{"title":"Mentions l\u00e9gales &#183; Hartung Paris","robots":{"index":"index","follow":"follow","max-snippet":"max-snippet:-1","max-image-preview":"max-image-preview:large","max-video-preview":"max-video-preview:-1"},"canonical":"https:\/\/hartung.paris\/fr\/mentions-legales\/","og_locale":"fr_FR","og_type":"article","og_title":"Mentions l\u00e9gales &#183; Hartung Paris","og_description":"[ut_blockquote_left]Mentions L\u00e9gales[\/ut_blockquote_left]L&#8217;ensemble de ce site rel\u00e8ve des l\u00e9gislations fran\u00e7aises et internationales sur le droit d&#8217;auteur et la propri\u00e9t\u00e9 intellectuelle. Tous les droits de reproduction sont r\u00e9serv\u00e9s, y compris pour les documents iconographiques et photographiques. Ce site a \u00e9t\u00e9 cr\u00e9\u00e9 par Hartung Paris \u2022 79, rue...","og_url":"https:\/\/hartung.paris\/fr\/mentions-legales\/","og_site_name":"Hartung Paris","article_publisher":"https:\/\/www.facebook.com\/hartung.paris\/","article_modified_time":"2015-08-25T10:29:28+00:00","twitter_card":"summary_large_image","twitter_misc":{"Dur\u00e9e de lecture estim\u00e9e":"1 minute"},"schema":{"@context":"https:\/\/schema.org","@graph":[{"@type":"WebPage","@id":"https:\/\/hartung.paris\/mentions-legales\/","url":"https:\/\/hartung.paris\/mentions-legales\/","name":"Mentions l\u00e9gales &#183; Hartung Paris","isPartOf":{"@id":"https:\/\/hartung.paris\/#website"},"datePublished":"2015-08-25T08:35:00+00:00","dateModified":"2015-08-25T10:29:28+00:00","breadcrumb":{"@id":"https:\/\/hartung.paris\/mentions-legales\/#breadcrumb"},"inLanguage":"fr-FR","potentialAction":[{"@type":"ReadAction","target":["https:\/\/hartung.paris\/mentions-legales\/"]}]},{"@type":"BreadcrumbList","@id":"https:\/\/hartung.paris\/mentions-legales\/#breadcrumb","itemListElement":[{"@type":"ListItem","position":1,"name":"Accueil","item":"https:\/\/hartung.paris\/"},{"@type":"ListItem","position":2,"name":"Mentions l\u00e9gales"}]},{"@type":"WebSite","@id":"https:\/\/hartung.paris\/#website","url":"https:\/\/hartung.paris\/","name":"Hartung Paris","description":"intelligence de la marque et du design","publisher":{"@id":"https:\/\/hartung.paris\/#organization"},"potentialAction":[{"@type":"SearchAction","target":{"@type":"EntryPoint","urlTemplate":"https:\/\/hartung.paris\/?s={search_term_string}"},"query-input":{"@type":"PropertyValueSpecification","valueRequired":true,"valueName":"search_term_string"}}],"inLanguage":"fr-FR"},{"@type":"Organization","@id":"https:\/\/hartung.paris\/#organization","name":"Hartung Paris","url":"https:\/\/hartung.paris\/","logo":{"@type":"ImageObject","inLanguage":"fr-FR","@id":"https:\/\/hartung.paris\/#\/schema\/logo\/image\/","url":"https:\/\/hartung.paris\/wp-content\/uploads\/2015\/06\/HAR_logo_144px.jpg","contentUrl":"https:\/\/hartung.paris\/wp-content\/uploads\/2015\/06\/HAR_logo_144px.jpg","width":144,"height":144,"caption":"Hartung Paris"},"image":{"@id":"https:\/\/hartung.paris\/#\/schema\/logo\/image\/"},"sameAs":["https:\/\/www.facebook.com\/hartung.paris\/","https:\/\/www.instagram.com\/hartung.paris\/","https:\/\/www.linkedin.com\/company\/hartung-paris"]}]}},"_links":{"self":[{"href":"https:\/\/hartung.paris\/fr\/wp-json\/wp\/v2\/pages\/3216","targetHints":{"allow":["GET"]}}],"collection":[{"href":"https:\/\/hartung.paris\/fr\/wp-json\/wp\/v2\/pages"}],"about":[{"href":"https:\/\/hartung.paris\/fr\/wp-json\/wp\/v2\/types\/page"}],"author":[{"embeddable":true,"href":"https:\/\/hartung.paris\/fr\/wp-json\/wp\/v2\/users\/1"}],"replies":[{"embeddable":true,"href":"https:\/\/hartung.paris\/fr\/wp-json\/wp\/v2\/comments?post=3216"}],"version-history":[{"count":22,"href":"https:\/\/hartung.paris\/fr\/wp-json\/wp\/v2\/pages\/3216\/revisions"}],"predecessor-version":[{"id":3240,"href":"https:\/\/hartung.paris\/fr\/wp-json\/wp\/v2\/pages\/3216\/revisions\/3240"}],"wp:attachment":[{"href":"https:\/\/hartung.paris\/fr\/wp-json\/wp\/v2\/media?parent=3216"}],"curies":[{"name":"wp","href":"https:\/\/api.w.org\/{rel}","templated":true}]}}